{"id":24,"date":"2026-02-22T17:12:55","date_gmt":"2026-02-22T17:12:55","guid":{"rendered":"https:\/\/my-cup-of-t.fr\/?page_id=24"},"modified":"2026-04-18T09:57:20","modified_gmt":"2026-04-18T09:57:20","slug":"home","status":"publish","type":"page","link":"https:\/\/my-cup-of-t.fr\/","title":{"rendered":"Home"},"content":{"rendered":"<div class=\"et_pb_section_0 et_pb_section et_section_regular et_block_section\">\n<div class=\"et_pb_row_0 et_pb_row et_pb_equal_columns et_block_row\">\n<div class=\"et_pb_column_0 et_pb_column et_pb_column_1_2 et_block_column et_pb_css_mix_blend_mode_passthrough\">\n<div class=\"et_pb_text_0 et_pb_text et_pb_bg_layout_light et_pb_module et_block_module\"><div class=\"et_pb_text_inner\"><h1 style=\"text-align: left;\">My Cup Of T<\/h1>\n<\/div><\/div>\n\n<div class=\"et_pb_text_1 et_pb_text et_pb_bg_layout_light et_pb_module et_block_module\"><div class=\"et_pb_text_inner\"><h2>Apprendre l'anglais by Laure CATTA<\/h2>\n<\/div><\/div>\n\n<div class=\"et_pb_text_2 et_pb_text et_pb_bg_layout_light et_pb_module et_block_module\"><div class=\"et_pb_text_inner\"><div>\n<div><span>Formatrice ind\u00e9pendante sp\u00e9cialis\u00e9e dans l'accompagnement sur mesure. Une approche humaine et professionnelle dans la r\u00e9gion de Chamb\u00e9ry.<\/span><\/div>\n<\/div>\n<\/div><\/div>\n<\/div>\n\n<div class=\"et_pb_column_1 et_pb_column et_pb_column_1_2 et-last-child et_block_column et_pb_css_mix_blend_mode_passthrough\">\n<div class=\"et_pb_image_0 et_pb_image et_pb_module et_block_module\"><span class=\"et_pb_image_wrap\"><img loading=\"lazy\" decoding=\"async\" src=\"https:\/\/my-cup-of-t.fr\/wp-content\/uploads\/2026\/03\/welcome-My-cup-of-t-site-web.png\" width=\"2500\" height=\"2500\" srcset=\"https:\/\/my-cup-of-t.fr\/wp-content\/uploads\/2026\/03\/welcome-My-cup-of-t-site-web.png 2500w, https:\/\/my-cup-of-t.fr\/wp-content\/uploads\/2026\/03\/welcome-My-cup-of-t-site-web-1280x1280.png 1280w, https:\/\/my-cup-of-t.fr\/wp-content\/uploads\/2026\/03\/welcome-My-cup-of-t-site-web-980x980.png 980w, https:\/\/my-cup-of-t.fr\/wp-content\/uploads\/2026\/03\/welcome-My-cup-of-t-site-web-480x480.png 480w\" sizes=\"(min-width: 0px) and (max-width: 480px) 480px, (min-width: 481px) and (max-width: 980px) 980px, (min-width: 981px) and (max-width: 1280px) 1280px, (min-width: 1281px) 2500px, 100vw\" class=\"wp-image-61\" title=\"welcome My cup of t site web\" \/><\/span><\/div>\n<\/div>\n<\/div>\n<\/div>\n\n<div class=\"et_pb_section_1 et_pb_section et_section_regular et_block_section\">\n<div class=\"et_pb_row_1 et_pb_row et_block_row\">\n<div class=\"et_pb_column_2 et_pb_column et_pb_column_4_4 et-last-child et_block_column et_pb_css_mix_blend_mode_passthrough\">\n<div class=\"et_pb_module et_pb_button_module_wrapper et_pb_button_0_wrapper\"><a class=\"et_pb_button_0 et_pb_button et_pb_bg_layout_light et_pb_module et_flex_module\" href=\"\" data-icon=\"\uf7b6\">L&#039;histoire derri\u00e8re la tasse\u00a0<\/a><\/div>\n\n<div class=\"et_pb_text_3 et_pb_text et_pb_bg_layout_light et_pb_module et_block_module\"><\/div>\n\n<div class=\"et_pb_text_4 et_pb_text et_pb_bg_layout_light et_pb_module et_block_module\"><div class=\"et_pb_text_inner\"><p>Passionn\u00e9e par les langues et les ponts qu'elles jettent entre les cultures, j'ai cr\u00e9\u00e9 \"My Cup of T\" pour offrir bien plus que des cours de langue traditionnels. Mon approche repose sur la conviction que l'apprentissage doit \u00eatre aussi confortable et personnel qu'une tasse de th\u00e9.<\/p>\n<p>En tant que formatrice ind\u00e9pendante bas\u00e9e au c\u0153ur des Alpes, je me sp\u00e9cialise dans la personnalisation de mes programmes p\u00e9dagogiques. Que vous soyez un professionnel cherchant \u00e0 ma\u00eetriser un jargon technique, un \u00e9tudiant pr\u00e9parant ses examens, ou un particulier souhaitant simplement converser et voyager, je vous accompagne avec patience et expertise...<\/p>\n<p>...et toujours dans la bonne humeur ! <img decoding=\"async\" src=\"https:\/\/my-cup-of-t.fr\/wp-content\/themes\/Divi\/includes\/builder-5\/visual-builder\/assets\/tinymce\/plugins\/emoticons\/img\/smiley-smile.gif\" alt=\"smile\" \/><\/p>\n<\/div><\/div>\n<\/div>\n<\/div>\n<\/div>\n\n<div class=\"et_pb_section_2 et_pb_section et_section_regular et_block_section\">\n<div class=\"et_pb_row_2 et_pb_row et_block_row\">\n<div class=\"et_pb_column_3 et_pb_column et_pb_column_4_4 et-last-child et_block_column et_pb_css_mix_blend_mode_passthrough\">\n<div class=\"et_pb_text_5 et_pb_text et_pb_bg_layout_light et_pb_module et_block_module\"><div class=\"et_pb_text_inner\"><p>Mes formations\u00a0<\/p>\n<\/div><\/div>\n\n<div class=\"et_pb_text_6 et_pb_text et_pb_bg_layout_light et_pb_module et_block_module\"><div class=\"et_pb_text_inner\"><p>&nbsp;<\/p>\n<p>Des solutions adapt\u00e9es \u00e0 chaque profil et chaque objectif<\/p>\n<\/div><\/div>\n<\/div>\n<\/div>\n\n<div class=\"et_pb_row_3 et_pb_row et_pb_row_4col et_pb_equal_columns et_pb_gutters2 et_block_row et_block_row_4col\">\n<div class=\"et_pb_column_4 et_pb_column et_pb_column_1_4 et_block_column et_pb_css_mix_blend_mode_passthrough\">\n<div class=\"et_pb_icon_0 et_pb_icon et_pb_module et_block_module\"><span class=\"et_pb_icon_wrap\"><span class=\"et-pb-icon\">\uf0b1<\/span><\/span><\/div>\n\n<div class=\"et_pb_text_7 et_pb_text et_pb_bg_layout_light et_pb_module et_block_module\"><div class=\"et_pb_text_inner\"><h2>Professionnels<\/h2>\n<\/div><\/div>\n\n<div class=\"et_pb_text_8 et_pb_text et_pb_bg_layout_light et_pb_module et_block_module\"><div class=\"et_pb_text_inner\"><div><span>Business English, coaching de pr\u00e9sentation et vocabulaire sp\u00e9cifique \u00e0 votre secteur.<\/span><span style=\"font-size: 14px;\">\u00a0<\/span><\/div>\n<\/div><\/div>\n\n<div class=\"et_pb_text_9 et_pb_text et_pb_bg_layout_light et_pb_module et_block_module\"><div class=\"et_pb_text_inner\"><div>\n<div>\n<ul>\n<li><span>Communication pro<\/span><span><\/span><\/li>\n<li><span>N\u00e9gociation<\/span><\/li>\n<li>Business Emails<span><\/span><\/li>\n<li>\n<div>\n<div>\n<div>\n<div><span>On the phone<\/span><\/div>\n<div><span><\/span><\/div>\n<div><span><\/span><\/div>\n<div><span><\/span><\/div>\n<\/div>\n<\/div>\n<\/div>\n<\/li>\n<\/ul>\n<\/div>\n<\/div>\n<\/div><\/div>\n<\/div>\n\n<div class=\"et_pb_column_5 et_pb_column et_pb_column_1_4 et_block_column et_pb_css_mix_blend_mode_passthrough\">\n<div class=\"et_pb_icon_1 et_pb_icon et_pb_module et_block_module\"><span class=\"et_pb_icon_wrap\"><span class=\"et-pb-icon\">\uf500<\/span><\/span><\/div>\n\n<div class=\"et_pb_text_10 et_pb_text et_pb_bg_layout_light et_pb_module et_block_module\"><div class=\"et_pb_text_inner\"><h2>Particuliers<\/h2>\n<\/div><\/div>\n\n<div class=\"et_pb_text_11 et_pb_text et_pb_bg_layout_light et_pb_module et_block_module\"><div class=\"et_pb_text_inner\"><div>\n<div><span>Anglais conversationnel pour les voyages, les loisirs ou le d\u00e9veloppement personnel.<\/span><\/div>\n<\/div>\n<\/div><\/div>\n\n<div class=\"et_pb_text_12 et_pb_text et_pb_bg_layout_light et_pb_module et_block_module\"><div class=\"et_pb_text_inner\"><ul>\n<li>\n<div>\n<div><span>Conversations quotidiennes<\/span><\/div>\n<\/div>\n<\/li>\n<li>\n<div>\n<div><span>Grammaire &amp; Fluidit\u00e9<\/span><\/div>\n<\/div>\n<\/li>\n<li>\n<div>\n<div><span>Voyage &amp; Culture<\/span><\/div>\n<\/div>\n<\/li>\n<\/ul>\n<\/div><\/div>\n<\/div>\n\n<div class=\"et_pb_column_6 et_pb_column et_pb_column_1_4 et_block_column et_pb_css_mix_blend_mode_passthrough\">\n<div class=\"et_pb_icon_2 et_pb_icon et_pb_module et_block_module\"><span class=\"et_pb_icon_wrap\"><span class=\"et-pb-icon\">\ue0ef<\/span><\/span><\/div>\n\n<div class=\"et_pb_text_13 et_pb_text et_pb_bg_layout_light et_pb_module et_block_module\"><div class=\"et_pb_text_inner\"><h2>Centres de formation<\/h2>\n<\/div><\/div>\n\n<div class=\"et_pb_text_14 et_pb_text et_pb_bg_layout_light et_pb_module et_block_module\"><div class=\"et_pb_text_inner\"><div>\n<div><span>Interventions en sous-traitance pour vos parcours certifiants et modules th\u00e9matiques.<\/span><\/div>\n<\/div>\n<\/div><\/div>\n\n<div class=\"et_pb_text_15 et_pb_text et_pb_bg_layout_light et_pb_module et_block_module\"><div class=\"et_pb_text_inner\"><ul>\n<li>\n<div>\n<div><span>Flexibilit\u00e9 &amp; Expertise<\/span><\/div>\n<\/div>\n<\/li>\n<li>\n<div>\n<div><span>Accompagnement p\u00e9dagogique<\/span><\/div>\n<\/div>\n<\/li>\n<li>\n<div>\n<div><span>Supports d\u00e9di\u00e9s<\/span><\/div>\n<\/div>\n<\/li>\n<\/ul>\n<\/div><\/div>\n<\/div>\n\n<div class=\"et_pb_column_7 et_pb_column et_pb_column_1_4 et-last-child et_block_column et_pb_css_mix_blend_mode_passthrough\">\n<div class=\"et_pb_icon_3 et_pb_icon et_pb_module et_block_module\"><span class=\"et_pb_icon_wrap\"><span class=\"et-pb-icon\">\uf19d<\/span><\/span><\/div>\n\n<div class=\"et_pb_text_16 et_pb_text et_pb_bg_layout_light et_pb_module et_block_module\"><div class=\"et_pb_text_inner\"><h2>Ecoles<\/h2>\n<\/div><\/div>\n\n<div class=\"et_pb_text_17 et_pb_text et_pb_bg_layout_light et_pb_module et_block_module\"><div class=\"et_pb_text_inner\"><div>\n<div><span>Soutien scolaire, pr\u00e9paration aux examens et ateliers de groupe.<\/span><\/div>\n<\/div>\n<\/div><\/div>\n\n<div class=\"et_pb_text_18 et_pb_text et_pb_bg_layout_light et_pb_module et_block_module\"><div class=\"et_pb_text_inner\"><ul>\n<li>\n<div>\n<div><span>Pr\u00e9paration Examens<\/span><\/div>\n<\/div>\n<\/li>\n<li>\n<div>\n<div><span>Ateliers ludiques<\/span><\/div>\n<\/div>\n<\/li>\n<li>\n<div>\n<div><span>Soutien acad\u00e9mique<\/span><\/div>\n<\/div>\n<\/li>\n<\/ul>\n<\/div><\/div>\n<\/div>\n<\/div>\n<\/div>\n\n<div class=\"et_pb_section_3 et_pb_section et_section_regular et_block_section\">\n<div class=\"et_pb_row_4 et_pb_row et_block_row\">\n<div class=\"et_pb_column_8 et_pb_column et_pb_column_1_2 et_block_column et_pb_css_mix_blend_mode_passthrough\">\n<div class=\"et_pb_text_19 et_pb_text et_pb_bg_layout_light et_pb_module et_block_module\"><div class=\"et_pb_text_inner\"><h2>Utilisation de la plateforme<\/h2>\n<\/div><\/div>\n\n<div class=\"et_pb_text_20 et_pb_text et_pb_bg_layout_light et_pb_module et_block_module\"><div class=\"et_pb_text_inner\"><div>\n<div><span>\u00a0Je mets \u00e0 votre disposition des outils num\u00e9riques modernes pour faciliter votre apprentissage entre nos s\u00e9ances en face \u00e0 face ou \u00e0 distance.<\/span><\/div>\n<\/div>\n<\/div><\/div>\n<\/div>\n\n<div class=\"et_pb_column_9 et_pb_column et_pb_column_1_2 et-last-child et_block_column et_pb_css_mix_blend_mode_passthrough\">\n<div class=\"et_pb_text_21 et_pb_text et_pb_bg_layout_light et_pb_module et_block_module\"><div class=\"et_pb_text_inner\"><p>Presentations des formules<\/p>\n<\/div><\/div>\n\n<div class=\"et_pb_text_22 et_pb_text et_pb_bg_layout_light et_pb_module et_block_module\"><div class=\"et_pb_text_inner\"><p>Chaque projet est unique. Nous d\u00e9finirons ensemble votre objectif et la formule qui vous correspond.<\/p>\n<\/div><\/div>\n<\/div>\n<\/div>\n<\/div>\n\n<div class=\"et_pb_section_4 et_pb_section et_section_regular et_block_section\">\n<div class=\"et_pb_row_5 et_pb_row et_block_row\">\n<div class=\"et_pb_column_10 et_pb_column et_pb_column_4_4 et-last-child et_block_column et_pb_css_mix_blend_mode_passthrough\">\n<div class=\"et_pb_text_23 et_pb_text et_pb_bg_layout_light et_pb_module et_block_module\"><div class=\"et_pb_text_inner\"><p>Mon secteur d'intervention<\/p>\n<\/div><\/div>\n\n<div class=\"et_pb_text_24 et_pb_text et_pb_bg_layout_light et_pb_module et_block_module\"><div class=\"et_pb_text_inner\"><p>Au coeur des Alpes francaises<\/p>\n<p>&nbsp;<\/p>\n<\/div><\/div>\n<\/div>\n<\/div>\n\n<div class=\"et_pb_row_6 et_pb_row et_pb_equal_columns et_pb_gutters1 et_block_row\">\n<div class=\"et_pb_column_11 et_pb_column et_pb_column_4_4 et-last-child et_block_column et_pb_css_mix_blend_mode_passthrough\">\n<div class=\"et_pb_text_25 et_pb_text et_pb_bg_layout_light et_pb_module et_block_module\"><div class=\"et_pb_text_inner\"><p>Zone de couverture<\/p>\n<\/div><\/div>\n\n<div class=\"et_pb_text_26 et_pb_text et_pb_bg_layout_light et_pb_module et_block_module\"><div class=\"et_pb_text_inner\"><h2>Dans la r\u00e9gion de Chamb\u00e9ry<\/h2>\n<\/div><\/div>\n\n<div class=\"et_pb_text_27 et_pb_text et_pb_bg_layout_light et_pb_module et_block_module\"><div class=\"et_pb_text_inner\"><p style=\"text-align: center;\">Je me d\u00e9place pour des formations en pr\u00e9sentiel en Savoie, Haute-Savoie et Is\u00e8re. Les sessions \u00e0 distance sont \u00e9galement disponibles partout en France.<\/p>\n<\/div><\/div>\n<\/div>\n<\/div>\n<\/div>\n\n<div class=\"et_pb_section_5 et_pb_section et_section_regular et_block_section\">\n<div class=\"et_pb_row_7 et_pb_row et_pb_row_1-4_1-4_1-2 et_pb_equal_columns et_block_row et_block_row_1-4_1-4_1-2\">\n<div class=\"et_pb_column_12 et_pb_column et_pb_column_1_4 et_block_column et_pb_css_mix_blend_mode_passthrough\">\n<div class=\"et_pb_text_28 et_pb_text et_pb_bg_layout_light et_pb_module et_block_module\"><div class=\"et_pb_text_inner\"><h3 style=\"text-align: left;\">Parlons-en autour d'une tasse de Th\u00e9...<\/h3>\n<\/div><\/div>\n\n<div class=\"et_pb_text_29 et_pb_text et_pb_bg_layout_light et_pb_module et_block_module\"><div class=\"et_pb_text_inner\"><p style=\"text-align: left;\">Pr\u00eat \u00e0 commencer ? Une question sur une de nos formules ? Je serais ravie d'\u00e9changer avec vous sur vos objectifs.<\/p>\n<\/div><\/div>\n\n<div class=\"et_pb_module et_pb_button_module_wrapper et_pb_button_1_wrapper\"><a class=\"et_pb_button_1 et_pb_button et_pb_bg_layout_light et_pb_module et_block_module\" href=\"mailto:info@my-cup-of-t.fr\" data-icon=\"\ue076\">info@my-cup-of-t.fr<\/a><\/div>\n\n<div class=\"et_pb_module et_pb_button_module_wrapper et_pb_button_2_wrapper\"><a class=\"et_pb_button_2 et_pb_button et_pb_bg_layout_light et_pb_module et_flex_module\" href=\"tel:0659798137\" data-icon=\"\uf879\">M&#039;appeler<\/a><\/div>\n\n<div class=\"et_pb_module et_pb_button_module_wrapper et_pb_button_3_wrapper\"><a class=\"et_pb_button_3 et_pb_button et_pb_bg_layout_light et_pb_module et_flex_module\" href=\"\" data-icon=\"\uf879\">06 59 79 81 37<\/a><\/div>\n<\/div>\n\n<div class=\"et_pb_column_13 et_pb_column et_pb_column_1_4 et_block_column et_pb_css_mix_blend_mode_passthrough\">\n<div class=\"et_pb_image_1 et_pb_image et_pb_module et_block_module\"><span class=\"et_pb_image_wrap\"><img loading=\"lazy\" decoding=\"async\" src=\"https:\/\/my-cup-of-t.fr\/wp-content\/uploads\/2026\/03\/welcome-3.png\" width=\"500\" height=\"500\" srcset=\"https:\/\/my-cup-of-t.fr\/wp-content\/uploads\/2026\/03\/welcome-3.png 500w, https:\/\/my-cup-of-t.fr\/wp-content\/uploads\/2026\/03\/welcome-3-480x480.png 480w\" sizes=\"(min-width: 0px) and (max-width: 480px) 480px, (min-width: 481px) 500px, 100vw\" class=\"wp-image-71\" title=\"welcome 3\" \/><\/span><\/div>\n<\/div>\n\n<div class=\"et_pb_column_14 et_pb_column et_pb_column_1_2 et-last-child et_block_column et_pb_css_mix_blend_mode_passthrough\">\n<div class=\"et_pb_contact_form_0 et_pb_contact_form_container clearfix et_pb_module et_flex_module\" data-form_unique_num=\"0\" data-form_unique_id=\"3fa9fa70-9798-4ce5-ad10-d9d9c8829d3e\" id=\"et_pb_contact_form_3fa9fa70-9798-4ce5-ad10-d9d9c8829d3e\"><div class=\"et-pb-contact-message\"><\/div><div class=\"et_pb_contact\"><form class=\"et_pb_contact_form et_flex_module\" method=\"post\" action=\"https:\/\/my-cup-of-t.fr\/index.php\/wp-json\/wp\/v2\/pages\/24\">\n<div class=\"et_pb_contact_field_0 et_pb_contact_field et_pb_module et_flex_module et_flex_column_12_24 et_flex_column_12_24_tablet et_flex_column_12_24_phone\" data-id=\"name\" data-type=\"input\"><label class=\"et_pb_contact_form_label\" for=\"et_pb_contact_0_name_0\">Nom<\/label><input type=\"text\" name=\"et_pb_contact_0_name_0\" id=\"et_pb_contact_0_name_0\" class=\"input\" data-required_mark=\"required\" data-field_type=\"input\" data-original_id=\"name\" placeholder=\"Nom\" title=\"\" value=\"\" \/><\/div>\n\n<div class=\"et_pb_contact_field_1 et_pb_contact_field et_pb_module et_flex_module et_flex_column_12_24 et_flex_column_12_24_tablet et_flex_column_12_24_phone\" data-id=\"email\" data-type=\"email\"><label class=\"et_pb_contact_form_label\" for=\"et_pb_contact_0_email_1\">Adresse e-mail<\/label><input type=\"text\" name=\"et_pb_contact_0_email_1\" id=\"et_pb_contact_0_email_1\" class=\"input\" data-required_mark=\"required\" data-field_type=\"email\" data-original_id=\"email\" placeholder=\"Adresse e-mail\" title=\"\" value=\"\" \/><\/div>\n\n<div class=\"et_pb_contact_field_2 et_pb_contact_field et_pb_module et_flex_module et_flex_column_24_24 et_flex_column_24_24_tablet et_flex_column_24_24_phone\" data-id=\"formation\" data-type=\"select\"><label class=\"et_pb_contact_form_label\" for=\"et_pb_contact_0_formation_2\">Formation souhait\u00e9e<\/label><select name=\"et_pb_contact_0_formation_2\" id=\"et_pb_contact_0_formation_2\" class=\"et_pb_contact_select input\" data-required_mark=\"required\" data-field_type=\"select\" data-original_id=\"formation\"><option value=\"\">Formation souhait\u00e9e<\/option><option value=\"Professionnels\" data-id=\"\">Professionnels<\/option><option value=\"Particuliers\" data-id=\"\">Particuliers<\/option><option value=\"Organisme de formation\" data-id=\"\">Organisme de formation<\/option><option value=\"Ecoles\" data-id=\"\">Ecoles<\/option><\/select><\/div>\n\n<div class=\"et_pb_contact_field_3 et_pb_contact_field et_pb_module et_flex_module et_flex_column_24_24 et_flex_column_24_24_tablet et_flex_column_24_24_phone\" data-id=\"message\" data-type=\"text\"><label class=\"et_pb_contact_form_label\" for=\"et_pb_contact_0_message_3\">Comment puis-je vous aider ?<\/label><textarea name=\"et_pb_contact_0_message_3\" id=\"et_pb_contact_0_message_3\" class=\"et_pb_contact_message input\" data-required_mark=\"required\" data-field_type=\"text\" data-original_id=\"message\" placeholder=\"Comment puis-je vous aider ?\"><\/textarea><\/div>\n<input type=\"hidden\" name=\"et_pb_contactform_submit_3fa9fa70-9798-4ce5-ad10-d9d9c8829d3e\" value=\"et_contact_proccess\" \/><div class=\"et_contact_bottom_container\"><div class=\"et_pb_contact_right et_pb_contact_field\"><p class=\"clearfix\"><label><span class=\"et_pb_contact_captcha_question\">10 + 6<\/span> = <input type=\"text\" size=\"2\" class=\"input et_pb_contact_captcha\" data-first_digit=\"10\" data-second_digit=\"6\" data-required_mark=\"required\" name=\"et_pb_contact_captcha_3fa9fa70-9798-4ce5-ad10-d9d9c8829d3e\" autocomplete=\"off\" \/><\/label><\/p><\/div><div class=\"et_pb_button_wrapper\"><button type=\"submit\" name=\"et_builder_submit_button\" class=\"et_pb_button et_pb_contact_submit\">Envoyez le message<\/button><\/div><\/div><input type=\"hidden\" id=\"_wpnonce-et-pb-contact-form-submitted-3fa9fa70-9798-4ce5-ad10-d9d9c8829d3e\" name=\"_wpnonce-et-pb-contact-form-submitted-3fa9fa70-9798-4ce5-ad10-d9d9c8829d3e\" value=\"0678acdb5e\" \/><input type=\"hidden\" name=\"_wp_http_referer\" value=\"\/index.php\/wp-json\/wp\/v2\/pages\/24\" \/><\/form><\/div><\/div>\n<\/div>\n<\/div>\n<\/div>","protected":false},"excerpt":{"rendered":"","protected":false},"author":1,"featured_media":0,"parent":0,"menu_order":0,"comment_status":"closed","ping_status":"closed","template":"page-template-blank.php","meta":{"footnotes":""},"class_list":["post-24","page","type-page","status-publish","hentry"],"_links":{"self":[{"href":"https:\/\/my-cup-of-t.fr\/index.php\/wp-json\/wp\/v2\/pages\/24","targetHints":{"allow":["GET"]}}],"collection":[{"href":"https:\/\/my-cup-of-t.fr\/index.php\/wp-json\/wp\/v2\/pages"}],"about":[{"href":"https:\/\/my-cup-of-t.fr\/index.php\/wp-json\/wp\/v2\/types\/page"}],"author":[{"embeddable":true,"href":"https:\/\/my-cup-of-t.fr\/index.php\/wp-json\/wp\/v2\/users\/1"}],"replies":[{"embeddable":true,"href":"https:\/\/my-cup-of-t.fr\/index.php\/wp-json\/wp\/v2\/comments?post=24"}],"version-history":[{"count":65,"href":"https:\/\/my-cup-of-t.fr\/index.php\/wp-json\/wp\/v2\/pages\/24\/revisions"}],"predecessor-version":[{"id":138,"href":"https:\/\/my-cup-of-t.fr\/index.php\/wp-json\/wp\/v2\/pages\/24\/revisions\/138"}],"wp:attachment":[{"href":"https:\/\/my-cup-of-t.fr\/index.php\/wp-json\/wp\/v2\/media?parent=24"}],"curies":[{"name":"wp","href":"https:\/\/api.w.org\/{rel}","templated":true}]}}